{"id":1523,"date":"2020-04-12T08:51:40","date_gmt":"2020-04-12T08:51:40","guid":{"rendered":"http:\/\/di-te.ro\/?post_type=product&#038;p=1523"},"modified":"2024-03-21T10:12:01","modified_gmt":"2024-03-21T10:12:01","slug":"jacheta-joy","status":"publish","type":"product","link":"https:\/\/di-te.ro\/ro\/produs\/jacheta-joy\/","title":{"rendered":"Jachet\u0103 &#8222;Joy&#8221;"},"content":{"rendered":"","protected":false},"excerpt":{"rendered":"<p>\u00cendr\u0103zne\u0219te s\u0103 fii diferit purt\u00e2nd jacheta noastr\u0103 supradimensionat\u0103 care ofer\u0103 un design estetic actual. Jacheta \u201cJoy\u201d este realizat\u0103 manual, special pentru tine.<br \/>\n\u2022 Estetic\u0103 actual\u0103<br \/>\n\u2022 Supradimensionat\u0103<br \/>\n\u2022 M\u00e2neci bufante<br \/>\n\u2022 Fermoare decorative pe m\u00e2neci<br \/>\n\u2022 \u00cenchidere cu fermoar<br \/>\n\u2022 Detaliile logo-ului pe spate<br \/>\n\u2022 Cu c\u0103ptu\u0219eal\u0103<\/p>\n<p>Material: 100% poliester<br \/>\n\u0218i hainele au nevoi &#8211; Sp\u0103lare la 30\u00b0 \u0219i c\u0103lcare cu aer rece.<\/p>\n","protected":false},"featured_media":1524,"comment_status":"closed","ping_status":"closed","template":"","meta":{"spay_email":""},"product_cat":[214],"product_tag":[225,106],"_links":{"self":[{"href":"https:\/\/di-te.ro\/ro\/wp-json\/wp\/v2\/product\/1523"}],"collection":[{"href":"https:\/\/di-te.ro\/ro\/wp-json\/wp\/v2\/product"}],"about":[{"href":"https:\/\/di-te.ro\/ro\/wp-json\/wp\/v2\/types\/product"}],"replies":[{"embeddable":true,"href":"https:\/\/di-te.ro\/ro\/wp-json\/wp\/v2\/comments?post=1523"}],"wp:featuredmedia":[{"embeddable":true,"href":"https:\/\/di-te.ro\/ro\/wp-json\/wp\/v2\/media\/1524"}],"wp:attachment":[{"href":"https:\/\/di-te.ro\/ro\/wp-json\/wp\/v2\/media?parent=1523"}],"wp:term":[{"taxonomy":"product_cat","embeddable":true,"href":"https:\/\/di-te.ro\/ro\/wp-json\/wp\/v2\/product_cat?post=1523"},{"taxonomy":"product_tag","embeddable":true,"href":"https:\/\/di-te.ro\/ro\/wp-json\/wp\/v2\/product_tag?post=1523"}],"curies":[{"name":"wp","href":"https:\/\/api.w.org\/{rel}","templated":true}]}}