{"id":1548,"date":"2020-04-12T09:06:35","date_gmt":"2020-04-12T09:06:35","guid":{"rendered":"http:\/\/di-te.ro\/?post_type=product&#038;p=1548"},"modified":"2024-03-21T10:13:36","modified_gmt":"2024-03-21T10:13:36","slug":"jacheta-inspiration","status":"publish","type":"product","link":"https:\/\/di-te.ro\/ro\/produs\/jacheta-inspiration\/","title":{"rendered":"Jachet\u0103 &#8222;Inspiration&#8221;"},"content":{"rendered":"","protected":false},"excerpt":{"rendered":"<p>Jacheta lung\u0103, cu dou\u0103 fe\u021be, este perfect\u0103 pentru a intra \u00een contact cu minimalistul t\u0103u interior. Jacheta \u201cInspiration\u201d este realizat\u0103 manual, special pentru tine.<br \/>\n\u2022 Supradimensionat\u0103<br \/>\n\u2022 Stil relaxat<br \/>\n\u2022 Estetica actual\u0103<br \/>\n\u2022 Dou\u0103 buzunare interne<br \/>\n\u2022 \u00cenchidere cu fermoar<br \/>\n\u2022 Buzunar frontal aplicat<br \/>\n\u2022 Cu guler<br \/>\n\u2022 Detaliile logo-ului pe buzunar<br \/>\n\u2022 Cu dou\u0103 fe\u021be<br \/>\n\u2022 Cu c\u0103ptu\u0219eal\u0103<\/p>\n<p>Material: 100% poliester<br \/>\n\u0218i hainele au nevoi &#8211; Sp\u0103lare la 30\u00b0 \u0219i c\u0103lcare cu aer rece.<\/p>\n","protected":false},"featured_media":1549,"comment_status":"closed","ping_status":"closed","template":"","meta":{"spay_email":""},"product_cat":[214],"product_tag":[244,225,106],"_links":{"self":[{"href":"https:\/\/di-te.ro\/ro\/wp-json\/wp\/v2\/product\/1548"}],"collection":[{"href":"https:\/\/di-te.ro\/ro\/wp-json\/wp\/v2\/product"}],"about":[{"href":"https:\/\/di-te.ro\/ro\/wp-json\/wp\/v2\/types\/product"}],"replies":[{"embeddable":true,"href":"https:\/\/di-te.ro\/ro\/wp-json\/wp\/v2\/comments?post=1548"}],"wp:featuredmedia":[{"embeddable":true,"href":"https:\/\/di-te.ro\/ro\/wp-json\/wp\/v2\/media\/1549"}],"wp:attachment":[{"href":"https:\/\/di-te.ro\/ro\/wp-json\/wp\/v2\/media?parent=1548"}],"wp:term":[{"taxonomy":"product_cat","embeddable":true,"href":"https:\/\/di-te.ro\/ro\/wp-json\/wp\/v2\/product_cat?post=1548"},{"taxonomy":"product_tag","embeddable":true,"href":"https:\/\/di-te.ro\/ro\/wp-json\/wp\/v2\/product_tag?post=1548"}],"curies":[{"name":"wp","href":"https:\/\/api.w.org\/{rel}","templated":true}]}}