{"id":1561,"date":"2020-04-12T12:16:08","date_gmt":"2020-04-12T12:16:08","guid":{"rendered":"http:\/\/di-te.ro\/?post_type=product&#038;p=1561"},"modified":"2024-03-21T10:15:07","modified_gmt":"2024-03-21T10:15:07","slug":"jacheta-affirmation","status":"publish","type":"product","link":"https:\/\/di-te.ro\/ro\/produs\/jacheta-affirmation\/","title":{"rendered":"Jachet\u0103 &#8222;Affirmation&#8221;"},"content":{"rendered":"","protected":false},"excerpt":{"rendered":"<p>Poart\u0103-\u021bi povestea cu noua ta jachet\u0103 preferat\u0103, lung\u0103 \u0219i supradimensionat\u0103. Jacheta \u201cAffirmation\u201d este realizat\u0103 manual, special pentru tine.<br \/>\n\u2022 Supradimensionat\u0103<br \/>\n\u2022 Stil relaxat<br \/>\n\u2022 Estetica actual\u0103<br \/>\n\u2022 Glug\u0103<br \/>\n\u2022 \u00cenchidere cu fermoar<br \/>\n\u2022 Buzunar frontal aplicat cu fermoar<br \/>\n\u2022 Detaliile logo-ului pe m\u00e2nec\u0103<br \/>\n\u2022 Man\u0219ete elastice<br \/>\n\u2022 Cu c\u0103ptu\u0219eal\u0103<\/p>\n<p>Material: 100% poliester<br \/>\n\u0218i hainele au nevoi &#8211; Sp\u0103lare la 30\u00b0 \u0219i c\u0103lcare cu aer rece.<\/p>\n","protected":false},"featured_media":1562,"comment_status":"closed","ping_status":"closed","template":"","meta":{"spay_email":""},"product_cat":[214],"product_tag":[225,106,243],"_links":{"self":[{"href":"https:\/\/di-te.ro\/ro\/wp-json\/wp\/v2\/product\/1561"}],"collection":[{"href":"https:\/\/di-te.ro\/ro\/wp-json\/wp\/v2\/product"}],"about":[{"href":"https:\/\/di-te.ro\/ro\/wp-json\/wp\/v2\/types\/product"}],"replies":[{"embeddable":true,"href":"https:\/\/di-te.ro\/ro\/wp-json\/wp\/v2\/comments?post=1561"}],"wp:featuredmedia":[{"embeddable":true,"href":"https:\/\/di-te.ro\/ro\/wp-json\/wp\/v2\/media\/1562"}],"wp:attachment":[{"href":"https:\/\/di-te.ro\/ro\/wp-json\/wp\/v2\/media?parent=1561"}],"wp:term":[{"taxonomy":"product_cat","embeddable":true,"href":"https:\/\/di-te.ro\/ro\/wp-json\/wp\/v2\/product_cat?post=1561"},{"taxonomy":"product_tag","embeddable":true,"href":"https:\/\/di-te.ro\/ro\/wp-json\/wp\/v2\/product_tag?post=1561"}],"curies":[{"name":"wp","href":"https:\/\/api.w.org\/{rel}","templated":true}]}}