{"id":1610,"date":"2020-04-12T13:41:13","date_gmt":"2020-04-12T13:41:13","guid":{"rendered":"http:\/\/di-te.ro\/?post_type=product&#038;p=1610"},"modified":"2024-03-21T10:16:56","modified_gmt":"2024-03-21T10:16:56","slug":"jacheta-equanimity","status":"publish","type":"product","link":"https:\/\/di-te.ro\/ro\/produs\/jacheta-equanimity\/","title":{"rendered":"Jachet\u0103 &#8222;Equanimity&#8221;"},"content":{"rendered":"","protected":false},"excerpt":{"rendered":"<p>Jacheta noastr\u0103 este perfect\u0103 pentru momentul \u00een care lumea ta se mi\u0219c\u0103 prea repede \u0219i te pierzi \u00een haos. Jacheta \u201cEquanimity\u201d este realizat\u0103 manual, special pentru tine.<br \/>\n\u2022 Stil lung \u0219i relaxat<br \/>\n\u2022 Supradimensionat\u0103<br \/>\n\u2022 Estetica actual\u0103<br \/>\n\u2022 \u00cenchidere cu fermoar<br \/>\n\u2022 Dou\u0103 buzunare interne<br \/>\n\u2022 Detaliile logo-ului pe spate<br \/>\n\u2022 Cu c\u0103ptu\u0219eal\u0103<\/p>\n<p>Material: 100% poliester<br \/>\n\u0218i hainele au nevoi &#8211; Sp\u0103lare la 30\u00b0 \u0219i c\u0103lcare cu aer rece.<\/p>\n","protected":false},"featured_media":1612,"comment_status":"closed","ping_status":"closed","template":"","meta":{"spay_email":""},"product_cat":[214],"product_tag":[225,106],"_links":{"self":[{"href":"https:\/\/di-te.ro\/ro\/wp-json\/wp\/v2\/product\/1610"}],"collection":[{"href":"https:\/\/di-te.ro\/ro\/wp-json\/wp\/v2\/product"}],"about":[{"href":"https:\/\/di-te.ro\/ro\/wp-json\/wp\/v2\/types\/product"}],"replies":[{"embeddable":true,"href":"https:\/\/di-te.ro\/ro\/wp-json\/wp\/v2\/comments?post=1610"}],"wp:featuredmedia":[{"embeddable":true,"href":"https:\/\/di-te.ro\/ro\/wp-json\/wp\/v2\/media\/1612"}],"wp:attachment":[{"href":"https:\/\/di-te.ro\/ro\/wp-json\/wp\/v2\/media?parent=1610"}],"wp:term":[{"taxonomy":"product_cat","embeddable":true,"href":"https:\/\/di-te.ro\/ro\/wp-json\/wp\/v2\/product_cat?post=1610"},{"taxonomy":"product_tag","embeddable":true,"href":"https:\/\/di-te.ro\/ro\/wp-json\/wp\/v2\/product_tag?post=1610"}],"curies":[{"name":"wp","href":"https:\/\/api.w.org\/{rel}","templated":true}]}}