{"id":3420,"date":"2021-04-13T08:54:39","date_gmt":"2021-04-13T08:54:39","guid":{"rendered":"https:\/\/di-te.ro\/?post_type=product&#038;p=3420"},"modified":"2024-03-20T18:38:35","modified_gmt":"2024-03-20T18:38:35","slug":"rochie-doll","status":"publish","type":"product","link":"https:\/\/di-te.ro\/ro\/produs\/rochie-doll\/","title":{"rendered":"Rochie &#8222;Doll&#8221;"},"content":{"rendered":"","protected":false},"excerpt":{"rendered":"<p>Aduce\u021bi un strop de culoare \u00een zilele \u00eensorite cu aceast\u0103 rochie cu volane.<\/p>\n<p><strong>Detalii produs:<\/strong><br \/>\n\u2022 \u00cenchidere cu fermoar<br \/>\n\u2022 Cu volane<br \/>\n\u2022 Cu buzunare<br \/>\n\u2022 M\u00e2neci bufante<br \/>\n\u2022 Lungime maxi<br \/>\n\u2022 Stil relaxat \u0219i design minimalist<\/p>\n<p><strong>Culoare:<\/strong> Bleu Ciel.<br \/>\n<strong>Material:<\/strong>\u00a0100% poliester.<\/p>\n<p>Modelul poart\u0103 m\u0103rimea S.<br \/>\nModel: 178cm, 57kg.<\/p>\n","protected":false},"featured_media":3426,"comment_status":"closed","ping_status":"closed","template":"","meta":{"spay_email":""},"product_cat":[254,215],"product_tag":[],"_links":{"self":[{"href":"https:\/\/di-te.ro\/ro\/wp-json\/wp\/v2\/product\/3420"}],"collection":[{"href":"https:\/\/di-te.ro\/ro\/wp-json\/wp\/v2\/product"}],"about":[{"href":"https:\/\/di-te.ro\/ro\/wp-json\/wp\/v2\/types\/product"}],"replies":[{"embeddable":true,"href":"https:\/\/di-te.ro\/ro\/wp-json\/wp\/v2\/comments?post=3420"}],"wp:featuredmedia":[{"embeddable":true,"href":"https:\/\/di-te.ro\/ro\/wp-json\/wp\/v2\/media\/3426"}],"wp:attachment":[{"href":"https:\/\/di-te.ro\/ro\/wp-json\/wp\/v2\/media?parent=3420"}],"wp:term":[{"taxonomy":"product_cat","embeddable":true,"href":"https:\/\/di-te.ro\/ro\/wp-json\/wp\/v2\/product_cat?post=3420"},{"taxonomy":"product_tag","embeddable":true,"href":"https:\/\/di-te.ro\/ro\/wp-json\/wp\/v2\/product_tag?post=3420"}],"curies":[{"name":"wp","href":"https:\/\/api.w.org\/{rel}","templated":true}]}}